{"id":7272,"date":"2023-10-02T15:20:31","date_gmt":"2023-10-02T19:20:31","guid":{"rendered":"https:\/\/idealroofing.ca\/about-us\/testimonials\/"},"modified":"2024-09-10T16:00:21","modified_gmt":"2024-09-10T20:00:21","slug":"testimonials","status":"publish","type":"page","link":"https:\/\/idealroofing.ca\/en-us\/about-us\/testimonials\/","title":{"rendered":"Testimonials"},"content":{"rendered":"\t\t<div data-elementor-type=\"wp-page\" data-elementor-id=\"7272\" class=\"elementor elementor-7272 elementor-67\" data-elementor-post-type=\"page\">\n\t\t\t\t<div class=\"elementor-element elementor-element-1734681 e-con-full e-flex e-con e-parent\" data-id=\"1734681\" data-element_type=\"container\">\n\t\t\t\t<div class=\"elementor-element elementor-element-4363729 elementor-widget elementor-widget-template\" data-id=\"4363729\" data-element_type=\"widget\" data-widget_type=\"template.default\">\n\t\t\t\t<div class=\"elementor-widget-container\">\n\t\t\t\t\t\t\t<div class=\"elementor-template\">\n\t\t\t\t\t<div data-elementor-type=\"container\" data-elementor-id=\"1407\" class=\"elementor elementor-1407\" data-elementor-post-type=\"elementor_library\">\n\t\t\t\t<div class=\"elementor-element elementor-element-2d37c2e e-con-full e-flex e-con e-parent\" data-id=\"2d37c2e\" data-element_type=\"container\" data-settings=\"{&quot;background_background&quot;:&quot;classic&quot;,&quot;shape_divider_bottom&quot;:&quot;triangle-asymmetrical&quot;}\">\n\t\t\t\t<div class=\"elementor-shape elementor-shape-bottom\" data-negative=\"false\">\n\t\t\t<svg xmlns=\"http:\/\/www.w3.org\/2000\/svg\" viewBox=\"0 0 1000 100\" preserveAspectRatio=\"none\">\n\t<path class=\"elementor-shape-fill\" d=\"M738,99l262-93V0H0v5.6L738,99z\"\/>\n<\/svg>\t\t<\/div>\n\t\t\t\t<div class=\"elementor-element elementor-element-e2f2b1f elementor-widget elementor-widget-jet-breadcrumbs\" data-id=\"e2f2b1f\" data-element_type=\"widget\" data-widget_type=\"jet-breadcrumbs.default\">\n\t\t\t\t<div class=\"elementor-widget-container\">\n\t\t\t\t\t<div class=\"elementor-jet-breadcrumbs jet-blocks\">\n\t\t<div class=\"jet-breadcrumbs\">\n\t\t<div class=\"jet-breadcrumbs__content\">\n\t\t<div class=\"jet-breadcrumbs__wrap\"><div class=\"jet-breadcrumbs__item\"><a href=\"https:\/\/idealroofing.ca\/en-us\/\" class=\"jet-breadcrumbs__item-link is-home\" rel=\"home\" title=\"Home\">Home<\/a><\/div>\n\t\t<\/div>\n\t\t<\/div>\n\t\t<\/div><\/div>\t\t\t\t<\/div>\n\t\t\t\t<\/div>\n\t\t\t\t<div class=\"elementor-element elementor-element-df3e742 elementor-widget elementor-widget-heading\" data-id=\"df3e742\" data-element_type=\"widget\" data-widget_type=\"heading.default\">\n\t\t\t\t<div class=\"elementor-widget-container\">\n\t\t\t\t\t<h1 class=\"elementor-heading-title elementor-size-default\">Testimonials<\/h1>\t\t\t\t<\/div>\n\t\t\t\t<\/div>\n\t\t\t\t<\/div>\n\t\t\t\t<\/div>\n\t\t\t\t<\/div>\n\t\t\t\t\t\t<\/div>\n\t\t\t\t<\/div>\n\t\t\t\t<\/div>\n\t\t<div class=\"elementor-element elementor-element-15f4cf5a e-con-full e-flex e-con e-parent\" data-id=\"15f4cf5a\" data-element_type=\"container\">\n\t\t\t\t<div class=\"elementor-element elementor-element-8b02e2a elementor-widget elementor-widget-heading\" data-id=\"8b02e2a\" data-element_type=\"widget\" data-widget_type=\"heading.default\">\n\t\t\t\t<div class=\"elementor-widget-container\">\n\t\t\t\t\t<h3 class=\"elementor-heading-title elementor-size-default\">Client testimonials<\/h3>\t\t\t\t<\/div>\n\t\t\t\t<\/div>\n\t\t\t\t<div class=\"elementor-element elementor-element-512f7e4 elementor-widget elementor-widget-jet-listing-grid\" data-id=\"512f7e4\" data-element_type=\"widget\" data-settings=\"{&quot;columns&quot;:&quot;3&quot;,&quot;columns_tablet_extra&quot;:&quot;2&quot;,&quot;columns_mobile_extra&quot;:&quot;1&quot;}\" data-widget_type=\"jet-listing-grid.default\">\n\t\t\t\t<div class=\"elementor-widget-container\">\n\t\t\t\t\t<div class=\"jet-listing-grid jet-listing\"><div class=\"jet-listing-not-found jet-listing-grid__items\" data-nav=\"{&quot;enabled&quot;:false,&quot;type&quot;:null,&quot;more_el&quot;:null,&quot;query&quot;:[],&quot;widget_settings&quot;:{&quot;lisitng_id&quot;:5517,&quot;posts_num&quot;:25,&quot;columns&quot;:3,&quot;columns_tablet&quot;:3,&quot;columns_mobile&quot;:3,&quot;column_min_width&quot;:240,&quot;column_min_width_tablet&quot;:240,&quot;column_min_width_mobile&quot;:240,&quot;inline_columns_css&quot;:false,&quot;is_archive_template&quot;:&quot;&quot;,&quot;post_status&quot;:[&quot;publish&quot;],&quot;use_random_posts_num&quot;:&quot;&quot;,&quot;max_posts_num&quot;:9,&quot;not_found_message&quot;:&quot;No data was found&quot;,&quot;is_masonry&quot;:true,&quot;equal_columns_height&quot;:&quot;&quot;,&quot;use_load_more&quot;:&quot;&quot;,&quot;load_more_id&quot;:&quot;&quot;,&quot;load_more_type&quot;:&quot;click&quot;,&quot;load_more_offset&quot;:{&quot;unit&quot;:&quot;px&quot;,&quot;size&quot;:0,&quot;sizes&quot;:[]},&quot;use_custom_post_types&quot;:&quot;&quot;,&quot;custom_post_types&quot;:[],&quot;hide_widget_if&quot;:&quot;&quot;,&quot;carousel_enabled&quot;:&quot;&quot;,&quot;slides_to_scroll&quot;:&quot;1&quot;,&quot;arrows&quot;:&quot;true&quot;,&quot;arrow_icon&quot;:&quot;fa fa-angle-left&quot;,&quot;dots&quot;:&quot;&quot;,&quot;autoplay&quot;:&quot;true&quot;,&quot;pause_on_hover&quot;:&quot;true&quot;,&quot;autoplay_speed&quot;:5000,&quot;infinite&quot;:&quot;true&quot;,&quot;center_mode&quot;:&quot;&quot;,&quot;effect&quot;:&quot;slide&quot;,&quot;speed&quot;:500,&quot;inject_alternative_items&quot;:&quot;&quot;,&quot;injection_items&quot;:[],&quot;scroll_slider_enabled&quot;:&quot;&quot;,&quot;scroll_slider_on&quot;:[&quot;desktop&quot;,&quot;tablet&quot;,&quot;mobile&quot;],&quot;custom_query&quot;:false,&quot;custom_query_id&quot;:&quot;&quot;,&quot;_element_id&quot;:&quot;&quot;,&quot;collapse_first_last_gap&quot;:false,&quot;list_items_wrapper_tag&quot;:&quot;div&quot;,&quot;list_item_tag&quot;:&quot;div&quot;,&quot;empty_items_wrapper_tag&quot;:&quot;div&quot;}}\" data-listing-source=\"posts\" data-listing-id=\"5517\" data-query-id=\"\" data-masonry-grid-options=\"{&quot;columns&quot;:{&quot;desktop&quot;:3,&quot;tablet&quot;:3,&quot;mobile&quot;:3}}\" data-queried-id=\"7272|WP_Post\">No data was found<\/div><\/div>\t\t\t\t<\/div>\n\t\t\t\t<\/div>\n\t\t\t\t<div class=\"elementor-element elementor-element-d4b1360 elementor-widget elementor-widget-heading\" data-id=\"d4b1360\" data-element_type=\"widget\" data-widget_type=\"heading.default\">\n\t\t\t\t<div class=\"elementor-widget-container\">\n\t\t\t\t\t<h3 class=\"elementor-heading-title elementor-size-default\">Installation Certification<\/h3>\t\t\t\t<\/div>\n\t\t\t\t<\/div>\n\t\t\t\t<div class=\"elementor-element elementor-element-dfcf128 elementor-widget elementor-widget-text-editor\" data-id=\"dfcf128\" data-element_type=\"widget\" data-widget_type=\"text-editor.default\">\n\t\t\t\t<div class=\"elementor-widget-container\">\n\t\t\t\t\t\t\t\t\t<p><span class=\"nom-compagnie\">Ideal Roofing<\/span> offers comprehensive training workshops for installers, sharing our methods and best practices for installing Wakefield Bridge\u24c7 steel shingles. Participants who successfully complete these workshops receive a certificate attesting to their professionalism and competence in carrying out installations optimally. <\/p>\n\t\t\t\t\t\t\t\t<\/div>\n\t\t\t\t<\/div>\n\t\t\t\t<div class=\"elementor-element elementor-element-2403bac elementor-widget elementor-widget-jet-listing-grid\" data-id=\"2403bac\" data-element_type=\"widget\" data-settings=\"{&quot;columns&quot;:&quot;3&quot;,&quot;columns_tablet_extra&quot;:&quot;2&quot;,&quot;columns_mobile_extra&quot;:&quot;1&quot;}\" data-widget_type=\"jet-listing-grid.default\">\n\t\t\t\t<div class=\"elementor-widget-container\">\n\t\t\t\t\t<div class=\"jet-listing-grid jet-listing\"><div class=\"jet-listing-not-found jet-listing-grid__items\" data-nav=\"{&quot;enabled&quot;:false,&quot;type&quot;:null,&quot;more_el&quot;:null,&quot;query&quot;:[],&quot;widget_settings&quot;:{&quot;lisitng_id&quot;:5831,&quot;posts_num&quot;:25,&quot;columns&quot;:3,&quot;columns_tablet&quot;:3,&quot;columns_mobile&quot;:3,&quot;column_min_width&quot;:240,&quot;column_min_width_tablet&quot;:240,&quot;column_min_width_mobile&quot;:240,&quot;inline_columns_css&quot;:false,&quot;is_archive_template&quot;:&quot;&quot;,&quot;post_status&quot;:[&quot;publish&quot;],&quot;use_random_posts_num&quot;:&quot;&quot;,&quot;max_posts_num&quot;:9,&quot;not_found_message&quot;:&quot;No data was found&quot;,&quot;is_masonry&quot;:false,&quot;equal_columns_height&quot;:&quot;yes&quot;,&quot;use_load_more&quot;:&quot;&quot;,&quot;load_more_id&quot;:&quot;&quot;,&quot;load_more_type&quot;:&quot;click&quot;,&quot;load_more_offset&quot;:{&quot;unit&quot;:&quot;px&quot;,&quot;size&quot;:0,&quot;sizes&quot;:[]},&quot;use_custom_post_types&quot;:&quot;&quot;,&quot;custom_post_types&quot;:[],&quot;hide_widget_if&quot;:&quot;&quot;,&quot;carousel_enabled&quot;:&quot;&quot;,&quot;slides_to_scroll&quot;:&quot;1&quot;,&quot;arrows&quot;:&quot;true&quot;,&quot;arrow_icon&quot;:&quot;fa fa-angle-left&quot;,&quot;dots&quot;:&quot;&quot;,&quot;autoplay&quot;:&quot;true&quot;,&quot;pause_on_hover&quot;:&quot;true&quot;,&quot;autoplay_speed&quot;:5000,&quot;infinite&quot;:&quot;true&quot;,&quot;center_mode&quot;:&quot;&quot;,&quot;effect&quot;:&quot;slide&quot;,&quot;speed&quot;:500,&quot;inject_alternative_items&quot;:&quot;&quot;,&quot;injection_items&quot;:[],&quot;scroll_slider_enabled&quot;:&quot;&quot;,&quot;scroll_slider_on&quot;:[&quot;desktop&quot;,&quot;tablet&quot;,&quot;mobile&quot;],&quot;custom_query&quot;:false,&quot;custom_query_id&quot;:&quot;&quot;,&quot;_element_id&quot;:&quot;&quot;,&quot;collapse_first_last_gap&quot;:false,&quot;list_items_wrapper_tag&quot;:&quot;div&quot;,&quot;list_item_tag&quot;:&quot;div&quot;,&quot;empty_items_wrapper_tag&quot;:&quot;div&quot;}}\" data-listing-source=\"posts\" data-listing-id=\"5831\" data-query-id=\"\" data-queried-id=\"7272|WP_Post\">No data was found<\/div><\/div>\t\t\t\t<\/div>\n\t\t\t\t<\/div>\n\t\t\t\t<div class=\"elementor-element elementor-element-2dcacaa elementor-widget elementor-widget-jet-listing-grid\" data-id=\"2dcacaa\" data-element_type=\"widget\" data-settings=\"{&quot;columns&quot;:&quot;3&quot;,&quot;columns_tablet_extra&quot;:&quot;2&quot;,&quot;columns_mobile_extra&quot;:&quot;1&quot;}\" data-widget_type=\"jet-listing-grid.default\">\n\t\t\t\t<div class=\"elementor-widget-container\">\n\t\t\t\t\t<div class=\"jet-listing-grid jet-listing\"><div class=\"jet-listing-not-found jet-listing-grid__items\" data-nav=\"{&quot;enabled&quot;:false,&quot;type&quot;:null,&quot;more_el&quot;:null,&quot;query&quot;:[],&quot;widget_settings&quot;:{&quot;lisitng_id&quot;:7106,&quot;posts_num&quot;:25,&quot;columns&quot;:3,&quot;columns_tablet&quot;:3,&quot;columns_mobile&quot;:3,&quot;column_min_width&quot;:240,&quot;column_min_width_tablet&quot;:240,&quot;column_min_width_mobile&quot;:240,&quot;inline_columns_css&quot;:false,&quot;is_archive_template&quot;:&quot;&quot;,&quot;post_status&quot;:[&quot;publish&quot;],&quot;use_random_posts_num&quot;:&quot;&quot;,&quot;max_posts_num&quot;:9,&quot;not_found_message&quot;:&quot;No data was found&quot;,&quot;is_masonry&quot;:true,&quot;equal_columns_height&quot;:&quot;&quot;,&quot;use_load_more&quot;:&quot;&quot;,&quot;load_more_id&quot;:&quot;&quot;,&quot;load_more_type&quot;:&quot;click&quot;,&quot;load_more_offset&quot;:{&quot;unit&quot;:&quot;px&quot;,&quot;size&quot;:0,&quot;sizes&quot;:[]},&quot;use_custom_post_types&quot;:&quot;&quot;,&quot;custom_post_types&quot;:[],&quot;hide_widget_if&quot;:&quot;&quot;,&quot;carousel_enabled&quot;:&quot;&quot;,&quot;slides_to_scroll&quot;:&quot;1&quot;,&quot;arrows&quot;:&quot;true&quot;,&quot;arrow_icon&quot;:&quot;fa fa-angle-left&quot;,&quot;dots&quot;:&quot;&quot;,&quot;autoplay&quot;:&quot;true&quot;,&quot;pause_on_hover&quot;:&quot;true&quot;,&quot;autoplay_speed&quot;:5000,&quot;infinite&quot;:&quot;true&quot;,&quot;center_mode&quot;:&quot;&quot;,&quot;effect&quot;:&quot;slide&quot;,&quot;speed&quot;:500,&quot;inject_alternative_items&quot;:&quot;&quot;,&quot;injection_items&quot;:[],&quot;scroll_slider_enabled&quot;:&quot;&quot;,&quot;scroll_slider_on&quot;:[&quot;desktop&quot;,&quot;tablet&quot;,&quot;mobile&quot;],&quot;custom_query&quot;:false,&quot;custom_query_id&quot;:&quot;&quot;,&quot;_element_id&quot;:&quot;&quot;,&quot;collapse_first_last_gap&quot;:false,&quot;list_items_wrapper_tag&quot;:&quot;div&quot;,&quot;list_item_tag&quot;:&quot;div&quot;,&quot;empty_items_wrapper_tag&quot;:&quot;div&quot;}}\" data-listing-source=\"posts\" data-listing-id=\"7106\" data-query-id=\"\" data-masonry-grid-options=\"{&quot;columns&quot;:{&quot;desktop&quot;:3,&quot;tablet&quot;:3,&quot;mobile&quot;:3}}\" data-queried-id=\"7272|WP_Post\">No data was found<\/div><\/div>\t\t\t\t<\/div>\n\t\t\t\t<\/div>\n\t\t\t\t<\/div>\n\t\t\t\t<\/div>\n\t\t","protected":false},"excerpt":{"rendered":"<p>Client testimonials Nous sommes tr\u00e8s satisfaits de notre toit en acier Wakefield Bridge. Il n&#8217;est pas seulement beau, il est aussi fonctionnel ! Il r\u00e9siste bien aux fortes pluies, au vent, \u00e0 la gr\u00eale, \u00e0 la glace et \u00e0 toutes les conditions m\u00e9t\u00e9orologiques qui se pr\u00e9sentent \u00e0 nous. Nous ne nous inqui\u00e9tons pas de la [&hellip;]<\/p>\n","protected":false},"author":1,"featured_media":0,"parent":7235,"menu_order":0,"comment_status":"closed","ping_status":"closed","template":"","meta":{"footnotes":""},"class_list":["post-7272","page","type-page","status-publish","hentry"],"yoast_head":"<!-- This site is optimized with the Yoast SEO plugin v25.8 - https:\/\/yoast.com\/wordpress\/plugins\/seo\/ -->\n<title>Testimonials - Ideal Roofing<\/title>\n<meta name=\"robots\" content=\"index, follow, max-snippet:-1, max-image-preview:large, max-video-preview:-1\" \/>\n<link rel=\"canonical\" href=\"https:\/\/idealroofing.ca\/fr\/a-propos\/temoignages\/\" \/>\n<meta property=\"og:locale\" content=\"en_US\" \/>\n<meta property=\"og:type\" content=\"article\" \/>\n<meta property=\"og:title\" content=\"Testimonials - Ideal Roofing\" \/>\n<meta property=\"og:description\" content=\"Client testimonials Nous sommes tr\u00e8s satisfaits de notre toit en acier Wakefield Bridge. Il n&#8217;est pas seulement beau, il est aussi fonctionnel ! Il r\u00e9siste bien aux fortes pluies, au vent, \u00e0 la gr\u00eale, \u00e0 la glace et \u00e0 toutes les conditions m\u00e9t\u00e9orologiques qui se pr\u00e9sentent \u00e0 nous. Nous ne nous inqui\u00e9tons pas de la [&hellip;]\" \/>\n<meta property=\"og:url\" content=\"https:\/\/idealroofing.ca\/fr\/a-propos\/temoignages\/\" \/>\n<meta property=\"og:site_name\" content=\"Ideal Roofing\" \/>\n<meta property=\"article:modified_time\" content=\"2024-09-10T20:00:21+00:00\" \/>\n<meta property=\"og:image\" content=\"https:\/\/idealroofing.ca\/wp-content\/uploads\/certified-installer-3.jpg\" \/>\n<meta name=\"twitter:card\" content=\"summary_large_image\" \/>\n<meta name=\"twitter:label1\" content=\"Est. reading time\" \/>\n\t<meta name=\"twitter:data1\" content=\"3 minutes\" \/>\n<script type=\"application\/ld+json\" class=\"yoast-schema-graph\">{\"@context\":\"https:\/\/schema.org\",\"@graph\":[{\"@type\":\"WebPage\",\"@id\":\"https:\/\/idealroofing.ca\/fr\/a-propos\/temoignages\/\",\"url\":\"https:\/\/idealroofing.ca\/fr\/a-propos\/temoignages\/\",\"name\":\"Testimonials - Ideal Roofing\",\"isPartOf\":{\"@id\":\"https:\/\/idealroofing.ca\/#website\"},\"primaryImageOfPage\":{\"@id\":\"https:\/\/idealroofing.ca\/fr\/a-propos\/temoignages\/#primaryimage\"},\"image\":{\"@id\":\"https:\/\/idealroofing.ca\/fr\/a-propos\/temoignages\/#primaryimage\"},\"thumbnailUrl\":\"https:\/\/idealroofing.ca\/wp-content\/uploads\/certified-installer-3.jpg\",\"datePublished\":\"2023-10-02T19:20:31+00:00\",\"dateModified\":\"2024-09-10T20:00:21+00:00\",\"breadcrumb\":{\"@id\":\"https:\/\/idealroofing.ca\/fr\/a-propos\/temoignages\/#breadcrumb\"},\"inLanguage\":\"en-US\",\"potentialAction\":[{\"@type\":\"ReadAction\",\"target\":[\"https:\/\/idealroofing.ca\/fr\/a-propos\/temoignages\/\"]}]},{\"@type\":\"ImageObject\",\"inLanguage\":\"en-US\",\"@id\":\"https:\/\/idealroofing.ca\/fr\/a-propos\/temoignages\/#primaryimage\",\"url\":\"https:\/\/idealroofing.ca\/wp-content\/uploads\/certified-installer-3.jpg\",\"contentUrl\":\"https:\/\/idealroofing.ca\/wp-content\/uploads\/certified-installer-3.jpg\"},{\"@type\":\"BreadcrumbList\",\"@id\":\"https:\/\/idealroofing.ca\/fr\/a-propos\/temoignages\/#breadcrumb\",\"itemListElement\":[{\"@type\":\"ListItem\",\"position\":1,\"name\":\"Home\",\"item\":\"https:\/\/idealroofing.ca\/\"},{\"@type\":\"ListItem\",\"position\":2,\"name\":\"About Us\",\"item\":\"https:\/\/idealroofing.ca\/en-us\/about-us\/\"},{\"@type\":\"ListItem\",\"position\":3,\"name\":\"Testimonials\"}]},{\"@type\":\"WebSite\",\"@id\":\"https:\/\/idealroofing.ca\/#website\",\"url\":\"https:\/\/idealroofing.ca\/\",\"name\":\"Ideal Roofing\",\"description\":\"Solid Steel Strength - Metal Roofing\",\"potentialAction\":[{\"@type\":\"SearchAction\",\"target\":{\"@type\":\"EntryPoint\",\"urlTemplate\":\"https:\/\/idealroofing.ca\/?s={search_term_string}\"},\"query-input\":{\"@type\":\"PropertyValueSpecification\",\"valueRequired\":true,\"valueName\":\"search_term_string\"}}],\"inLanguage\":\"en-US\"}]}<\/script>\n<!-- \/ Yoast SEO plugin. -->","yoast_head_json":{"title":"Testimonials - Ideal Roofing","robots":{"index":"index","follow":"follow","max-snippet":"max-snippet:-1","max-image-preview":"max-image-preview:large","max-video-preview":"max-video-preview:-1"},"canonical":"https:\/\/idealroofing.ca\/fr\/a-propos\/temoignages\/","og_locale":"en_US","og_type":"article","og_title":"Testimonials - Ideal Roofing","og_description":"Client testimonials Nous sommes tr\u00e8s satisfaits de notre toit en acier Wakefield Bridge. Il n&#8217;est pas seulement beau, il est aussi fonctionnel ! Il r\u00e9siste bien aux fortes pluies, au vent, \u00e0 la gr\u00eale, \u00e0 la glace et \u00e0 toutes les conditions m\u00e9t\u00e9orologiques qui se pr\u00e9sentent \u00e0 nous. Nous ne nous inqui\u00e9tons pas de la [&hellip;]","og_url":"https:\/\/idealroofing.ca\/fr\/a-propos\/temoignages\/","og_site_name":"Ideal Roofing","article_modified_time":"2024-09-10T20:00:21+00:00","og_image":[{"url":"https:\/\/idealroofing.ca\/wp-content\/uploads\/certified-installer-3.jpg","type":"","width":"","height":""}],"twitter_card":"summary_large_image","twitter_misc":{"Est. reading time":"3 minutes"},"schema":{"@context":"https:\/\/schema.org","@graph":[{"@type":"WebPage","@id":"https:\/\/idealroofing.ca\/fr\/a-propos\/temoignages\/","url":"https:\/\/idealroofing.ca\/fr\/a-propos\/temoignages\/","name":"Testimonials - Ideal Roofing","isPartOf":{"@id":"https:\/\/idealroofing.ca\/#website"},"primaryImageOfPage":{"@id":"https:\/\/idealroofing.ca\/fr\/a-propos\/temoignages\/#primaryimage"},"image":{"@id":"https:\/\/idealroofing.ca\/fr\/a-propos\/temoignages\/#primaryimage"},"thumbnailUrl":"https:\/\/idealroofing.ca\/wp-content\/uploads\/certified-installer-3.jpg","datePublished":"2023-10-02T19:20:31+00:00","dateModified":"2024-09-10T20:00:21+00:00","breadcrumb":{"@id":"https:\/\/idealroofing.ca\/fr\/a-propos\/temoignages\/#breadcrumb"},"inLanguage":"en-US","potentialAction":[{"@type":"ReadAction","target":["https:\/\/idealroofing.ca\/fr\/a-propos\/temoignages\/"]}]},{"@type":"ImageObject","inLanguage":"en-US","@id":"https:\/\/idealroofing.ca\/fr\/a-propos\/temoignages\/#primaryimage","url":"https:\/\/idealroofing.ca\/wp-content\/uploads\/certified-installer-3.jpg","contentUrl":"https:\/\/idealroofing.ca\/wp-content\/uploads\/certified-installer-3.jpg"},{"@type":"BreadcrumbList","@id":"https:\/\/idealroofing.ca\/fr\/a-propos\/temoignages\/#breadcrumb","itemListElement":[{"@type":"ListItem","position":1,"name":"Home","item":"https:\/\/idealroofing.ca\/"},{"@type":"ListItem","position":2,"name":"About Us","item":"https:\/\/idealroofing.ca\/en-us\/about-us\/"},{"@type":"ListItem","position":3,"name":"Testimonials"}]},{"@type":"WebSite","@id":"https:\/\/idealroofing.ca\/#website","url":"https:\/\/idealroofing.ca\/","name":"Ideal Roofing","description":"Solid Steel Strength - Metal Roofing","potentialAction":[{"@type":"SearchAction","target":{"@type":"EntryPoint","urlTemplate":"https:\/\/idealroofing.ca\/?s={search_term_string}"},"query-input":{"@type":"PropertyValueSpecification","valueRequired":true,"valueName":"search_term_string"}}],"inLanguage":"en-US"}]}},"_links":{"self":[{"href":"https:\/\/idealroofing.ca\/en-us\/wp-json\/wp\/v2\/pages\/7272","targetHints":{"allow":["GET"]}}],"collection":[{"href":"https:\/\/idealroofing.ca\/en-us\/wp-json\/wp\/v2\/pages"}],"about":[{"href":"https:\/\/idealroofing.ca\/en-us\/wp-json\/wp\/v2\/types\/page"}],"author":[{"embeddable":true,"href":"https:\/\/idealroofing.ca\/en-us\/wp-json\/wp\/v2\/users\/1"}],"replies":[{"embeddable":true,"href":"https:\/\/idealroofing.ca\/en-us\/wp-json\/wp\/v2\/comments?post=7272"}],"version-history":[{"count":20,"href":"https:\/\/idealroofing.ca\/en-us\/wp-json\/wp\/v2\/pages\/7272\/revisions"}],"predecessor-version":[{"id":9864,"href":"https:\/\/idealroofing.ca\/en-us\/wp-json\/wp\/v2\/pages\/7272\/revisions\/9864"}],"up":[{"embeddable":true,"href":"https:\/\/idealroofing.ca\/en-us\/wp-json\/wp\/v2\/pages\/7235"}],"wp:attachment":[{"href":"https:\/\/idealroofing.ca\/en-us\/wp-json\/wp\/v2\/media?parent=7272"}],"curies":[{"name":"wp","href":"https:\/\/api.w.org\/{rel}","templated":true}]}}